{"id":1279,"date":"2023-07-26T19:20:44","date_gmt":"2023-07-26T19:20:44","guid":{"rendered":"https:\/\/gorkitattoo.com\/?page_id=1279"},"modified":"2023-07-26T19:20:44","modified_gmt":"2023-07-26T19:20:44","slug":"faqs","status":"publish","type":"page","link":"https:\/\/gorkitattoo.com\/de\/faqs\/","title":{"rendered":"FAQs"},"content":{"rendered":"<div class=\"fusion-fullwidth fullwidth-box fusion-builder-row-1 fusion-flex-container has-pattern-background has-mask-background nonhundred-percent-fullwidth non-hundred-percent-height-scrolling\" style=\"--awb-border-radius-top-left:0px;--awb-border-radius-top-right:0px;--awb-border-radius-bottom-right:0px;--awb-border-radius-bottom-left:0px;--awb-padding-top:85px;--awb-padding-bottom:105px;--awb-flex-wrap:wrap;\" ><div class=\"fusion-builder-row fusion-row fusion-flex-align-items-flex-start fusion-flex-content-wrap\" style=\"max-width:1331.2px;margin-left: calc(-4% \/ 2 );margin-right: calc(-4% \/ 2 );\"><div class=\"fusion-layout-column fusion_builder_column fusion-builder-column-0 fusion_builder_column_1_2 1_2 fusion-flex-column\" style=\"--awb-padding-bottom-medium:85px;--awb-padding-bottom-small:65px;--awb-bg-size:cover;--awb-width-large:50%;--awb-spacing-right-large:3.84%;--awb-margin-bottom-large:0px;--awb-spacing-left-large:3.84%;--awb-width-medium:100%;--awb-order-medium:0;--awb-spacing-right-medium:1.92%;--awb-spacing-left-medium:1.92%;--awb-width-small:100%;--awb-order-small:0;--awb-spacing-right-small:1.92%;--awb-spacing-left-small:1.92%;\"><div class=\"fusion-column-wrapper fusion-column-has-shadow fusion-flex-justify-content-flex-start fusion-content-layout-column\"><div class=\"fusion-title title fusion-title-1 fusion-sep-none fusion-title-text fusion-title-size-four\" style=\"--awb-margin-top:0px;--awb-margin-bottom:25px;\"><h4 class=\"fusion-title-heading title-heading-left\" style=\"margin:0;\">tattooing questions<\/h4><\/div><style type=\"text\/css\">.fusion-faqs-wrapper #accordian-1 .fusion-panel { border-color:var(--awb-color3); }.fusion-faqs-wrapper #accordian-1 .fusion-panel:hover{ border-color: hsla(var(--awb-color4-h),var(--awb-color4-s),var(--awb-color4-l),calc(var(--awb-color4-a) - 80%)); }.fusion-accordian #accordian-1 .panel-title a .fa-fusion-box:before{ font-size: 16px;width: 16px;}.fusion-accordian #accordian-1 .panel-title a .fa-fusion-box{ color: var(--awb-color4);}.fusion-accordian  #accordian-1 .panel-title a{font-family:var(--awb-typography1-font-family);font-weight:var(--awb-typography1-font-weight);font-style:var(--awb-typography1-font-style);}.fusion-accordian  #accordian-1 .panel-title a:not(:hover){color:var(--awb-color6);}.fusion-accordian  #accordian-1 .toggle-content{font-family:var(--awb-typography4-font-family);font-weight:var(--awb-typography4-font-weight);font-style:var(--awb-typography4-font-style);}.fusion-accordian #accordian-1 .fa-fusion-box { background-color: hsla(var(--awb-color4-h),var(--awb-color4-s),var(--awb-color4-l),calc(var(--awb-color4-a) - 70%)) !important;border-color: hsla(var(--awb-color4-h),var(--awb-color4-s),var(--awb-color4-l),calc(var(--awb-color4-a) - 70%)) !important;}.fusion-accordian #accordian-1 .panel-title a:hover,.fusion-accordian #accordian-1 .panel-title a.hover { color: var(--awb-color5);}.fusion-faq-shortcode .fusion-accordian #accordian-1 .fusion-toggle-boxed-mode:hover .panel-title a { color: var(--awb-color5);}.fusion-accordian #accordian-1 .panel-title a:hover .fa-fusion-box,.fusion-accordian #accordian-1 .panel-title a.hover .fa-fusion-box { background-color: var(--awb-color5)!important;border-color: var(--awb-color5)!important;}.fusion-faqs-wrapper .fusion-accordian #accordian-1 .panel-title a.active{ color: var(--awb-color6) !important;}.fusion-faqs-wrapper .fusion-accordian #accordian-1 .panel-title .active .fa-fusion-box { background-color: var(--awb-color6)!important;border-color: var(--awb-color6)!important;}.fusion-faqs-wrapper .fusion-accordian  #accordian-1 .fusion-panel {padding-top: 15px;padding-bottom: 15px;}<\/style><div class=\"fusion-faq-shortcode\" style=\"\"><div class=\"fusion-faqs-wrapper\"><div class=\"accordian fusion-accordian\"><div class=\"panel-group\" id=\"accordian-1\"><div class=\"fusion-panel panel-default fusion-faq-post fusion-faq-post-976 tattoos\"><span class=\"entry-title rich-snippet-hidden\">Kann mein altes Tattoo vollst\u00e4ndig \u00fcberdeckt werden?<\/span><span class=\"vcard rich-snippet-hidden\"><span class=\"fn\"><a href=\"https:\/\/gorkitattoo.com\/de\/author\/gokhanbarsal07hotmail-com\/\" title=\"Beitr\u00e4ge von gorkitattoo@gmail.com\" rel=\"author\">gorkitattoo@gmail.com<\/a><\/span><\/span><span class=\"updated rich-snippet-hidden\">2025-08-06T20:02:14+00:00<\/span><div class=\"panel-heading\"><h4 id=\"faq_1-976\" class=\"panel-title toggle\"><a data-toggle=\"collapse\" class=\"collapsed\" data-parent=\"#accordian-1\" data-target=\"#collapse-1-976\" href=\"#collapse-1-976\" aria-expanded=\"false\"><div class=\"fusion-toggle-icon-wrapper\"><div class=\"fusion-toggle-icon-wrapper-main\"><div class=\"fusion-toggle-icon-wrapper-sub\"><i class=\"fa-fusion-box active-icon awb-icon-minus\" aria-hidden=\"true\"><\/i><i class=\"fa-fusion-box inactive-icon awb-icon-plus\" aria-hidden=\"true\"><\/i><\/div><\/div><\/div><div class=\"fusion-toggle-heading\">Kann mein altes Tattoo vollst\u00e4ndig \u00fcberdeckt werden?<\/div><\/a><\/h4><\/div><div id=\"collapse-1-976\" aria-labelledby=\"faq_1-976\" class=\"panel-collapse collapse\"><div class=\"panel-body toggle-content post-content\"><p>Die meisten alten Tattoos lassen sich mit dem richtigen Design und der passenden Technik erfolgreich \u00fcberdecken. Gr\u00f6\u00dfe, Farbe und Details des vorhandenen Tattoos spielen dabei jedoch eine wichtige Rolle. In meinem Studio in W\u00fcrzburg beurteile ich zun\u00e4chst dein aktuelles Tattoo und entwerfe anschlie\u00dfend ein individuelles Cover-up-Design f\u00fcr dich.<\/p>\n<\/div><\/div><\/div><div class=\"fusion-panel panel-default fusion-faq-post fusion-faq-post-980 tattoos\"><span class=\"entry-title rich-snippet-hidden\">Muss ich mein altes Tattoo vor einem Cover-up entfernen lassen?<\/span><span class=\"vcard rich-snippet-hidden\"><span class=\"fn\"><a href=\"https:\/\/gorkitattoo.com\/de\/author\/gokhanbarsal07hotmail-com\/\" title=\"Beitr\u00e4ge von gorkitattoo@gmail.com\" rel=\"author\">gorkitattoo@gmail.com<\/a><\/span><\/span><span class=\"updated rich-snippet-hidden\">2025-08-06T20:03:29+00:00<\/span><div class=\"panel-heading\"><h4 id=\"faq_1-980\" class=\"panel-title toggle\"><a data-toggle=\"collapse\" class=\"collapsed\" data-parent=\"#accordian-1\" data-target=\"#collapse-1-980\" href=\"#collapse-1-980\" aria-expanded=\"false\"><div class=\"fusion-toggle-icon-wrapper\"><div class=\"fusion-toggle-icon-wrapper-main\"><div class=\"fusion-toggle-icon-wrapper-sub\"><i class=\"fa-fusion-box active-icon awb-icon-minus\" aria-hidden=\"true\"><\/i><i class=\"fa-fusion-box inactive-icon awb-icon-plus\" aria-hidden=\"true\"><\/i><\/div><\/div><\/div><div class=\"fusion-toggle-heading\">Muss ich mein altes Tattoo vor einem Cover-up entfernen lassen?<\/div><\/a><\/h4><\/div><div id=\"collapse-1-980\" aria-labelledby=\"faq_1-980\" class=\"panel-collapse collapse\"><div class=\"panel-body toggle-content post-content\"><div class=\"panel-heading\">\n<div class=\"fusion-toggle-heading\">Nicht unbedingt. In manchen F\u00e4llen \u2013 besonders wenn das Tattoo sehr dunkel oder dicht ist \u2013 k\u00f6nnen ein paar Lasersitzungen empfohlen werden. Das hilft, dass das neue Motiv klarer und \u00e4sthetischer wirkt. Wir besprechen das gemeinsam anhand deines Tattoos.<\/div>\n<\/div>\n<\/div><\/div><\/div><div class=\"fusion-panel panel-default fusion-faq-post fusion-faq-post-1877 tattoos\"><span class=\"entry-title rich-snippet-hidden\">Kann ich mit einem frischen Tattoo schwimmen oder in die Sauna gehen?<\/span><span class=\"vcard rich-snippet-hidden\"><span class=\"fn\"><a href=\"https:\/\/gorkitattoo.com\/de\/author\/gokhanbarsal07hotmail-com\/\" title=\"Beitr\u00e4ge von gorkitattoo@gmail.com\" rel=\"author\">gorkitattoo@gmail.com<\/a><\/span><\/span><span class=\"updated rich-snippet-hidden\">2025-08-06T20:06:45+00:00<\/span><div class=\"panel-heading\"><h4 id=\"faq_1-1877\" class=\"panel-title toggle\"><a data-toggle=\"collapse\" class=\"collapsed\" data-parent=\"#accordian-1\" data-target=\"#collapse-1-1877\" href=\"#collapse-1-1877\" aria-expanded=\"false\"><div class=\"fusion-toggle-icon-wrapper\"><div class=\"fusion-toggle-icon-wrapper-main\"><div class=\"fusion-toggle-icon-wrapper-sub\"><i class=\"fa-fusion-box active-icon awb-icon-minus\" aria-hidden=\"true\"><\/i><i class=\"fa-fusion-box inactive-icon awb-icon-plus\" aria-hidden=\"true\"><\/i><\/div><\/div><\/div><div class=\"fusion-toggle-heading\">Kann ich mit einem frischen Tattoo schwimmen oder in die Sauna gehen?<\/div><\/a><\/h4><\/div><div id=\"collapse-1-1877\" aria-labelledby=\"faq_1-1877\" class=\"panel-collapse collapse\"><div class=\"panel-body toggle-content post-content\"><p>Nein, Schwimmb\u00e4der, Meerwasser und Saunas solltest du meiden, bis das Tattoo vollst\u00e4ndig verheilt ist. Andernfalls besteht die Gefahr von Infektionen oder Sch\u00e4den am Tattoo.<\/p>\n<\/div><\/div><\/div><div class=\"fusion-panel panel-default fusion-faq-post fusion-faq-post-1879 tattoos\"><span class=\"entry-title rich-snippet-hidden\">Kann man Operationsnarben oder Schnittspuren mit einem Tattoo \u00fcberdecken?<\/span><span class=\"vcard rich-snippet-hidden\"><span class=\"fn\"><a href=\"https:\/\/gorkitattoo.com\/de\/author\/gokhanbarsal07hotmail-com\/\" title=\"Beitr\u00e4ge von gorkitattoo@gmail.com\" rel=\"author\">gorkitattoo@gmail.com<\/a><\/span><\/span><span class=\"updated rich-snippet-hidden\">2025-08-06T20:07:48+00:00<\/span><div class=\"panel-heading\"><h4 id=\"faq_1-1879\" class=\"panel-title toggle\"><a data-toggle=\"collapse\" class=\"collapsed\" data-parent=\"#accordian-1\" data-target=\"#collapse-1-1879\" href=\"#collapse-1-1879\" aria-expanded=\"false\"><div class=\"fusion-toggle-icon-wrapper\"><div class=\"fusion-toggle-icon-wrapper-main\"><div class=\"fusion-toggle-icon-wrapper-sub\"><i class=\"fa-fusion-box active-icon awb-icon-minus\" aria-hidden=\"true\"><\/i><i class=\"fa-fusion-box inactive-icon awb-icon-plus\" aria-hidden=\"true\"><\/i><\/div><\/div><\/div><div class=\"fusion-toggle-heading\">Kann man Operationsnarben oder Schnittspuren mit einem Tattoo \u00fcberdecken?<\/div><\/a><\/h4><\/div><div id=\"collapse-1-1879\" aria-labelledby=\"faq_1-1879\" class=\"panel-collapse collapse\"><div class=\"panel-body toggle-content post-content\"><p>Ja, es ist m\u00f6glich, Operationsnarben oder Schnittspuren zu \u00fcberdecken. Das Ergebnis h\u00e4ngt jedoch von Alter, Beschaffenheit und Farbe der Narbe ab. In meinem Studio in W\u00fcrzburg beurteile ich jeden Fall sorgf\u00e4ltig, um ein Design zu entwickeln, das die Narbe effektiv kaschiert und gleichzeitig \u00e4sthetisch wirkt. Bitte kontaktiere mich f\u00fcr eine pers\u00f6nliche Beratung.<\/p>\n<\/div><\/div><\/div><div class=\"fusion-panel panel-default fusion-faq-post fusion-faq-post-974 tattoos\"><span class=\"entry-title rich-snippet-hidden\">Wie viel kostet ein Tattoo?<\/span><span class=\"vcard rich-snippet-hidden\"><span class=\"fn\"><a href=\"https:\/\/gorkitattoo.com\/de\/author\/gokhanbarsal07hotmail-com\/\" title=\"Beitr\u00e4ge von gorkitattoo@gmail.com\" rel=\"author\">gorkitattoo@gmail.com<\/a><\/span><\/span><span class=\"updated rich-snippet-hidden\">2025-08-06T20:04:44+00:00<\/span><div class=\"panel-heading\"><h4 id=\"faq_1-974\" class=\"panel-title toggle\"><a data-toggle=\"collapse\" class=\"collapsed\" data-parent=\"#accordian-1\" data-target=\"#collapse-1-974\" href=\"#collapse-1-974\" aria-expanded=\"false\"><div class=\"fusion-toggle-icon-wrapper\"><div class=\"fusion-toggle-icon-wrapper-main\"><div class=\"fusion-toggle-icon-wrapper-sub\"><i class=\"fa-fusion-box active-icon awb-icon-minus\" aria-hidden=\"true\"><\/i><i class=\"fa-fusion-box inactive-icon awb-icon-plus\" aria-hidden=\"true\"><\/i><\/div><\/div><\/div><div class=\"fusion-toggle-heading\">Wie viel kostet ein Tattoo?<\/div><\/a><\/h4><\/div><div id=\"collapse-1-974\" aria-labelledby=\"faq_1-974\" class=\"panel-collapse collapse\"><div class=\"panel-body toggle-content post-content\"><div class=\"fusion-panel panel-default fusion-faq-post fusion-faq-post-980 tattoos\">\n<div class=\"panel-heading\">\n<div class=\"fusion-toggle-heading\">Die Preise h\u00e4ngen von Gr\u00f6\u00dfe, Detailgrad, Farbgestaltung und Platzierung des Tattoos ab. Kleine Tattoos beginnen mit einem festen Startpreis, gr\u00f6\u00dfere und aufwendigere Arbeiten werden auf Stundenbasis berechnet. In meinem Studio in W\u00fcrzburg biete ich kostenlose Beratungen an, um dir ein individuelles Angebot zu erstellen.<\/div>\n<\/div>\n<\/div>\n<\/div><\/div><\/div><\/div><\/div><\/div><\/div><\/div><\/div><div class=\"fusion-layout-column fusion_builder_column fusion-builder-column-1 fusion_builder_column_1_2 1_2 fusion-flex-column\" style=\"--awb-bg-size:cover;--awb-width-large:50%;--awb-spacing-right-large:3.84%;--awb-margin-bottom-large:0px;--awb-spacing-left-large:3.84%;--awb-width-medium:100%;--awb-order-medium:0;--awb-spacing-right-medium:1.92%;--awb-spacing-left-medium:1.92%;--awb-width-small:100%;--awb-order-small:0;--awb-spacing-right-small:1.92%;--awb-spacing-left-small:1.92%;\"><div class=\"fusion-column-wrapper fusion-column-has-shadow fusion-flex-justify-content-flex-start fusion-content-layout-column\"><div class=\"fusion-title title fusion-title-2 fusion-sep-none fusion-title-text fusion-title-size-four\" style=\"--awb-margin-top:0px;--awb-margin-bottom:25px;\"><h4 class=\"fusion-title-heading title-heading-left\" style=\"margin:0;\">body piercing questions<\/h4><\/div><\/div><\/div><\/div><\/div>","protected":false},"excerpt":{"rendered":"","protected":false},"author":1,"featured_media":0,"parent":0,"menu_order":0,"comment_status":"closed","ping_status":"closed","template":"100-width.php","meta":{"footnotes":""},"class_list":["post-1279","page","type-page","status-publish","hentry"],"acf":[],"_links":{"self":[{"href":"https:\/\/gorkitattoo.com\/de\/wp-json\/wp\/v2\/pages\/1279","targetHints":{"allow":["GET"]}}],"collection":[{"href":"https:\/\/gorkitattoo.com\/de\/wp-json\/wp\/v2\/pages"}],"about":[{"href":"https:\/\/gorkitattoo.com\/de\/wp-json\/wp\/v2\/types\/page"}],"author":[{"embeddable":true,"href":"https:\/\/gorkitattoo.com\/de\/wp-json\/wp\/v2\/users\/1"}],"replies":[{"embeddable":true,"href":"https:\/\/gorkitattoo.com\/de\/wp-json\/wp\/v2\/comments?post=1279"}],"version-history":[{"count":0,"href":"https:\/\/gorkitattoo.com\/de\/wp-json\/wp\/v2\/pages\/1279\/revisions"}],"wp:attachment":[{"href":"https:\/\/gorkitattoo.com\/de\/wp-json\/wp\/v2\/media?parent=1279"}],"curies":[{"name":"wp","href":"https:\/\/api.w.org\/{rel}","templated":true}]}}