{"id":1936,"date":"2025-10-19T14:01:34","date_gmt":"2025-10-19T14:01:34","guid":{"rendered":"https:\/\/gorkitattoo.com\/?page_id=1936"},"modified":"2026-04-13T11:40:53","modified_gmt":"2026-04-13T11:40:53","slug":"impressum","status":"publish","type":"page","link":"https:\/\/gorkitattoo.com\/de\/impressum\/","title":{"rendered":"Impressum"},"content":{"rendered":"<div class=\"fusion-fullwidth fullwidth-box fusion-builder-row-1 fusion-flex-container nonhundred-percent-fullwidth non-hundred-percent-height-scrolling\" style=\"--awb-border-radius-top-left:0px;--awb-border-radius-top-right:0px;--awb-border-radius-bottom-right:0px;--awb-border-radius-bottom-left:0px;--awb-flex-wrap:wrap;\" ><div class=\"fusion-builder-row fusion-row fusion-flex-align-items-flex-start fusion-flex-content-wrap\" style=\"max-width:1331.2px;margin-left: calc(-4% \/ 2 );margin-right: calc(-4% \/ 2 );\"><div class=\"fusion-layout-column fusion_builder_column fusion-builder-column-0 fusion_builder_column_1_1 1_1 fusion-flex-column\" style=\"--awb-bg-size:cover;--awb-width-large:100%;--awb-margin-top-large:0px;--awb-spacing-right-large:1.92%;--awb-margin-bottom-large:0px;--awb-spacing-left-large:1.92%;--awb-width-medium:100%;--awb-spacing-right-medium:1.92%;--awb-spacing-left-medium:1.92%;--awb-width-small:100%;--awb-spacing-right-small:1.92%;--awb-spacing-left-small:1.92%;\"><div class=\"fusion-column-wrapper fusion-flex-justify-content-flex-start fusion-content-layout-column\"><div class=\"fusion-text fusion-text-1\"><h1>Impressum<\/h1>\n<p>Angaben gem\u00e4\u00df \u00a7 5 TMG<\/p>\n<p>Gokhan Barsal<br \/>Leistenstra\u00dfe 3 <br \/>97082 W\u00fcrzburg <br \/>Deutschland<\/p>\n<p>E-Mail: gorkitattoo@gmail.com<\/p>\n<p>Steuernummer: 257\/202\/62285<\/p>\n<p>Berufsbezeichnung: T\u00e4towiererin<\/p>\n<p>Zust\u00e4ndige Aufsichtsbeh\u00f6rde: <br \/>Stadt W\u00fcrzburg \u2013 Gewerbeamt <br \/>R\u00fcckermainstra\u00dfe 2 <br \/>97070 W\u00fcrzburg<\/p>\n<p><strong>Umsatzsteuer-ID:<\/strong><br \/>Umsatzsteuer-Identifikationsnummer gem\u00e4\u00df \u00a727a Umsatzsteuergesetz: 23\/251\/04561<\/p>\n<p><strong>Wirtschafts-ID: <\/strong><\/p>\n<p><strong>Haftungsausschluss: <\/strong><\/p>\n<p><strong>Datenschutz<\/strong><\/p>\n<p>Die Nutzung unserer Webseite ist in der Regel ohne Angabe personenbezogener Daten m\u00f6glich. Soweit auf unseren Seiten personenbezogene Daten (beispielsweise Name, Anschrift oder eMail-Adressen) erhoben werden, erfolgt dies, soweit m\u00f6glich, stets auf freiwilliger Basis. Diese Daten werden ohne Ihre ausdr\u00fcckliche Zustimmung nicht an Dritte weitergegeben. <br \/>Wir weisen darauf hin, dass die Daten\u00fcbertragung im Internet (z.B. bei der Kommunikation per E-Mail) Sicherheitsl\u00fccken aufweisen kann. Ein l\u00fcckenloser Schutz der Daten vor dem Zugriff durch Dritte ist nicht m\u00f6glich. <br \/>Der Nutzung von im Rahmen der Impressumspflicht ver\u00f6ffentlichten Kontaktdaten durch Dritte zur \u00dcbersendung von nicht ausdr\u00fccklich angeforderter Werbung und Informationsmaterialien wird hiermit ausdr\u00fccklich widersprochen. Die Betreiber der Seiten behalten sich ausdr\u00fccklich rechtliche Schritte im Falle der unverlangten Zusendung von Werbeinformationen, etwa durch Spam-Mails, vor.<\/p>\n<p><strong>Google AdSense<\/strong><\/p>\n<p>Diese Website benutzt Google Adsense, einen Webanzeigendienst der Google Inc., USA (&#8221;Google&#8221;). Google Adsense verwendet sog. &#8221;Cookies&#8221; (Textdateien), die auf Ihrem Computer gespeichert werden und die eine Analyse der Benutzung der Website durch Sie erm\u00f6glicht. Google Adsense verwendet auch sog. &#8221;Web Beacons&#8221; (kleine unsichtbare Grafiken) zur Sammlung von Informationen. Durch die Verwendung des Web Beacons k\u00f6nnen einfache Aktionen wie der Besucherverkehr auf der Webseite aufgezeichnet und gesammelt werden. Die durch den Cookie und\/oder Web Beacon erzeugten Informationen \u00fcber Ihre Benutzung dieser Website (einschlie\u00dflich Ihrer IP-Adresse) werden an einen Server von Google in den USA \u00fcbertragen und dort gespeichert. Google wird diese Informationen benutzen, um Ihre Nutzung der Website im Hinblick auf die Anzeigen auszuwerten, um Reports \u00fcber die Websiteaktivit\u00e4ten und Anzeigen f\u00fcr die Websitebetreiber zusammenzustellen und um weitere mit der Websitenutzung und der Internetnutzung verbundene Dienstleistungen zu erbringen. Auch wird Google diese Informationen gegebenenfalls an Dritte \u00fcbertragen, sofern dies gesetzlich vorgeschrieben oder soweit Dritte diese Daten im Auftrag von Google verarbeiten. Google wird in keinem Fall Ihre IP-Adresse mit anderen Daten der Google in Verbindung bringen. Das Speichern von Cookies auf Ihrer Festplatte und die Anzeige von Web Beacons k\u00f6nnen Sie verhindern, indem Sie in Ihren Browser-Einstellungen &#8221;keine Cookies akzeptieren&#8221; w\u00e4hlen (Im MS Internet-Explorer unter &#8221;Extras &gt; Internetoptionen &gt; Datenschutz &gt; Einstellung&#8221;; im Firefox unter &#8221;Extras &gt; Einstellungen &gt; Datenschutz &gt; Cookies&#8221;); wir weisen Sie jedoch darauf hin, dass Sie in diesem Fall gegebenenfalls nicht s\u00e4mtliche Funktionen dieser Website voll umf\u00e4nglich nutzen k\u00f6nnen. Durch die Nutzung dieser Website erkl\u00e4ren Sie sich mit der Bearbeitung der \u00fcber Sie erhobenen Daten durch Google in der zuvor beschriebenen Art und Weise und zu dem zuvor benannten Zweck einverstanden.<\/p>\n<p>Erstellt mit <a href=\"https:\/\/impressum-generator.de\" rel=\"dofollow\">Impressum-Generator.de<\/a>, dem Tool f\u00fcr Impressum und <a href=\"https:\/\/impressum-generator.de\/datenschutz-generator\" rel=\"dofollow\">Datenschutz-Erkl\u00e4rung<\/a>. Nach einer Vorlage der <a href=\"https:\/\/www.kanzlei-hasselbach.de\/\" rel=\"dofollow\">Kanzlei Hasselbach<\/a>.<\/p>\n<\/div><\/div><\/div><\/div><\/div>","protected":false},"excerpt":{"rendered":"","protected":false},"author":1,"featured_media":0,"parent":0,"menu_order":0,"comment_status":"closed","ping_status":"closed","template":"100-width.php","meta":{"footnotes":""},"class_list":["post-1936","page","type-page","status-publish","hentry"],"acf":[],"_links":{"self":[{"href":"https:\/\/gorkitattoo.com\/de\/wp-json\/wp\/v2\/pages\/1936","targetHints":{"allow":["GET"]}}],"collection":[{"href":"https:\/\/gorkitattoo.com\/de\/wp-json\/wp\/v2\/pages"}],"about":[{"href":"https:\/\/gorkitattoo.com\/de\/wp-json\/wp\/v2\/types\/page"}],"author":[{"embeddable":true,"href":"https:\/\/gorkitattoo.com\/de\/wp-json\/wp\/v2\/users\/1"}],"replies":[{"embeddable":true,"href":"https:\/\/gorkitattoo.com\/de\/wp-json\/wp\/v2\/comments?post=1936"}],"version-history":[{"count":5,"href":"https:\/\/gorkitattoo.com\/de\/wp-json\/wp\/v2\/pages\/1936\/revisions"}],"predecessor-version":[{"id":1957,"href":"https:\/\/gorkitattoo.com\/de\/wp-json\/wp\/v2\/pages\/1936\/revisions\/1957"}],"wp:attachment":[{"href":"https:\/\/gorkitattoo.com\/de\/wp-json\/wp\/v2\/media?parent=1936"}],"curies":[{"name":"wp","href":"https:\/\/api.w.org\/{rel}","templated":true}]}}